{"id":395,"date":"2023-07-08T16:16:45","date_gmt":"2023-07-08T22:16:45","guid":{"rendered":"https:\/\/repca.com\/?page_id=395"},"modified":"2023-07-10T06:57:53","modified_gmt":"2023-07-10T12:57:53","slug":"novedades","status":"publish","type":"page","link":"https:\/\/repca.com\/en\/novedades\/","title":{"rendered":"News"},"content":{"rendered":"<div id=\"pl-395\"  class=\"panel-layout\" ><div id=\"pg-395-0\"  class=\"panel-grid panel-has-style\" ><div class=\"panel-row-style panel-row-style-for-395-0\" ><div id=\"pgc-395-0-0\"  class=\"panel-grid-cell\" ><div id=\"panel-395-0-0-0\" class=\"so-panel widget widget_sow-editor panel-first-child panel-last-child\" data-index=\"0\" ><div\n\t\t\t\n\t\t\tclass=\"so-widget-sow-editor so-widget-sow-editor-base\"\n\t\t\t\n\t\t>\n<div class=\"siteorigin-widget-tinymce textwidget\">\n\t\n<\/div>\n<\/div><\/div><\/div><\/div><\/div><div id=\"pg-395-1\"  class=\"panel-grid panel-has-style\" ><div class=\"siteorigin-panels-stretch panel-row-style panel-row-style-for-395-1\" data-stretch-type=\"full-stretched-padded\" ><div id=\"pgc-395-1-0\"  class=\"panel-grid-cell panel-grid-cell-empty\" ><\/div><div id=\"pgc-395-1-1\"  class=\"panel-grid-cell\" ><div id=\"panel-395-1-1-0\" class=\"so-panel widget widget_sow-image panel-first-child\" data-index=\"1\" ><div\n\t\t\t\n\t\t\tclass=\"so-widget-sow-image so-widget-sow-image-default-8b5b6f678277-395\"\n\t\t\t\n\t\t>\n<h3 class=\"widget-title\">Antioxidants and their benefits<\/h3>\n<div class=\"sow-image-container\">\n\t\t\t<a href=\"https:\/\/repca.com\/en\/2023\/07\/10\/antioxidantes-y-sus-beneficios\/\"\n\t\t\t\t\t>\n\t\t\t<img decoding=\"async\" src=\"https:\/\/repca.com\/wp-content\/uploads\/2023\/07\/Antioxidantes-en-Guatemala.jpg\" width=\"400\" height=\"350\" srcset=\"https:\/\/repca.com\/wp-content\/uploads\/2023\/07\/Antioxidantes-en-Guatemala.jpg 567w, https:\/\/repca.com\/wp-content\/uploads\/2023\/07\/Antioxidantes-en-Guatemala-300x210.jpg 300w, https:\/\/repca.com\/wp-content\/uploads\/2023\/07\/Antioxidantes-en-Guatemala-18x12.jpg 18w\" sizes=\"auto, (max-width: 400px) 100vw, 400px\" title=\"Antioxidants and their benefits\" alt=\"Antioxidantes y sus beneficios\" loading=\"lazy\" \t\tclass=\"so-widget-image\"\/>\n\t<\/a><\/div>\n\n<\/div><\/div><div id=\"panel-395-1-1-1\" class=\"so-panel widget widget_lsow-button panel-last-child\" data-index=\"2\" ><div\n\t\t\t\n\t\t\tclass=\"so-widget-lsow-button so-widget-lsow-button-default-84cfa213c891-395\"\n\t\t\t\n\t\t><a class= \"lsow-button  lsow-blue lsow-medium lsow-rounded lsow-animate-on-scroll lsow-visible-on-scroll\" data-hover-color=\"#1e73be\" data-animation=\"fadeIn\" href=\"https:\/\/repca.com\/en\/2023\/07\/10\/antioxidantes-y-sus-beneficios\/\" target=\"&quot;_blank&quot;\">Read more<\/a><\/div><\/div><\/div><div id=\"pgc-395-1-2\"  class=\"panel-grid-cell\" ><div id=\"panel-395-1-2-0\" class=\"so-panel widget widget_sow-image panel-first-child\" data-index=\"3\" ><div\n\t\t\t\n\t\t\tclass=\"so-widget-sow-image so-widget-sow-image-default-8b5b6f678277-395\"\n\t\t\t\n\t\t>\n<h3 class=\"widget-title\">What is oxidative stress?<\/h3>\n<div class=\"sow-image-container\">\n\t\t\t<a href=\"https:\/\/repca.com\/en\/2023\/07\/08\/que-es-el-estres-oxidativo\/\"\n\t\t\t\t\t>\n\t\t\t<img decoding=\"async\" src=\"https:\/\/repca.com\/wp-content\/uploads\/2023\/07\/estres-oxidativo-Guatemala.jpg\" width=\"400\" height=\"350\" srcset=\"https:\/\/repca.com\/wp-content\/uploads\/2023\/07\/estres-oxidativo-Guatemala.jpg 567w, https:\/\/repca.com\/wp-content\/uploads\/2023\/07\/estres-oxidativo-Guatemala-300x210.jpg 300w, https:\/\/repca.com\/wp-content\/uploads\/2023\/07\/estres-oxidativo-Guatemala-18x12.jpg 18w\" sizes=\"auto, (max-width: 400px) 100vw, 400px\" title=\"What is oxidative stress?\" alt=\"\u00bfQu\u00e9 es el estr\u00e9s oxidativo?\" loading=\"lazy\" \t\tclass=\"so-widget-image\"\/>\n\t<\/a><\/div>\n\n<\/div><\/div><div id=\"panel-395-1-2-1\" class=\"so-panel widget widget_lsow-button panel-last-child\" data-index=\"4\" ><div\n\t\t\t\n\t\t\tclass=\"so-widget-lsow-button so-widget-lsow-button-default-84cfa213c891-395\"\n\t\t\t\n\t\t><a class= \"lsow-button  lsow-blue lsow-medium lsow-rounded lsow-animate-on-scroll lsow-visible-on-scroll\" data-hover-color=\"#1e73be\" data-animation=\"fadeIn\" href=\"https:\/\/repca.com\/en\/2023\/07\/08\/que-es-el-estres-oxidativo\/\" target=\"&quot;_blank&quot;\">Read more<\/a><\/div><\/div><\/div><div id=\"pgc-395-1-3\"  class=\"panel-grid-cell panel-grid-cell-mobile-last\" ><div id=\"panel-395-1-3-0\" class=\"so-panel widget widget_sow-image panel-first-child\" data-index=\"5\" ><div\n\t\t\t\n\t\t\tclass=\"so-widget-sow-image so-widget-sow-image-default-8b5b6f678277-395\"\n\t\t\t\n\t\t>\n<h3 class=\"widget-title\">Polyphenols<\/h3>\n<div class=\"sow-image-container\">\n\t\t\t<a href=\"https:\/\/repca.com\/en\/2023\/07\/10\/polifenoles\/\"\n\t\t\t\t\t>\n\t\t\t<img decoding=\"async\" src=\"https:\/\/repca.com\/wp-content\/uploads\/2023\/07\/Polifenoles.jpg\" width=\"400\" height=\"350\" srcset=\"https:\/\/repca.com\/wp-content\/uploads\/2023\/07\/Polifenoles.jpg 567w, https:\/\/repca.com\/wp-content\/uploads\/2023\/07\/Polifenoles-300x210.jpg 300w, https:\/\/repca.com\/wp-content\/uploads\/2023\/07\/Polifenoles-18x12.jpg 18w\" sizes=\"auto, (max-width: 400px) 100vw, 400px\" title=\"Polyphenols\" alt=\"\u00bfQu\u00e9 es el estr\u00e9s oxidativo?\" loading=\"lazy\" \t\tclass=\"so-widget-image\"\/>\n\t<\/a><\/div>\n\n<\/div><\/div><div id=\"panel-395-1-3-1\" class=\"so-panel widget widget_lsow-button panel-last-child\" data-index=\"6\" ><div\n\t\t\t\n\t\t\tclass=\"so-widget-lsow-button so-widget-lsow-button-default-84cfa213c891-395\"\n\t\t\t\n\t\t><a class= \"lsow-button  lsow-blue lsow-medium lsow-rounded lsow-animate-on-scroll lsow-visible-on-scroll\" data-hover-color=\"#1e73be\" data-animation=\"fadeIn\" href=\"https:\/\/repca.com\/en\/2023\/07\/10\/polifenoles\/\" target=\"&quot;_blank&quot;\">Read more<\/a><\/div><\/div><\/div><div id=\"pgc-395-1-4\"  class=\"panel-grid-cell panel-grid-cell-empty\" ><\/div><\/div><\/div><div id=\"pg-395-2\"  class=\"panel-grid panel-has-style\" ><div class=\"siteorigin-panels-stretch panel-row-style panel-row-style-for-395-2\" data-stretch-type=\"full-stretched-padded\" ><div id=\"pgc-395-2-0\"  class=\"panel-grid-cell panel-grid-cell-empty\" ><\/div><div id=\"pgc-395-2-1\"  class=\"panel-grid-cell\" ><div id=\"panel-395-2-1-0\" class=\"so-panel widget widget_sow-image panel-first-child\" data-index=\"7\" ><div\n\t\t\t\n\t\t\tclass=\"so-widget-sow-image so-widget-sow-image-default-8b5b6f678277-395\"\n\t\t\t\n\t\t>\n<h3 class=\"widget-title\">Carotenoids<\/h3>\n<div class=\"sow-image-container\">\n\t\t\t<a href=\"https:\/\/repca.com\/en\/2023\/07\/10\/carotenoides-2\/\"\n\t\t\t\t\t>\n\t\t\t<img decoding=\"async\" src=\"https:\/\/repca.com\/wp-content\/uploads\/2023\/07\/Carotenoides.jpg\" width=\"400\" height=\"350\" srcset=\"https:\/\/repca.com\/wp-content\/uploads\/2023\/07\/Carotenoides.jpg 567w, https:\/\/repca.com\/wp-content\/uploads\/2023\/07\/Carotenoides-300x210.jpg 300w, https:\/\/repca.com\/wp-content\/uploads\/2023\/07\/Carotenoides-18x12.jpg 18w\" sizes=\"auto, (max-width: 400px) 100vw, 400px\" title=\"Carotenoids\" alt=\"Carotenoides\" loading=\"lazy\" \t\tclass=\"so-widget-image\"\/>\n\t<\/a><\/div>\n\n<\/div><\/div><div id=\"panel-395-2-1-1\" class=\"so-panel widget widget_lsow-button panel-last-child\" data-index=\"8\" ><div\n\t\t\t\n\t\t\tclass=\"so-widget-lsow-button so-widget-lsow-button-default-84cfa213c891-395\"\n\t\t\t\n\t\t><a class= \"lsow-button  lsow-blue lsow-medium lsow-rounded lsow-animate-on-scroll lsow-visible-on-scroll\" data-hover-color=\"#1e73be\" data-animation=\"fadeIn\" href=\"https:\/\/repca.com\/en\/2023\/07\/10\/carotenoides-2\/\" target=\"&quot;_blank&quot;\">Read more<\/a><\/div><\/div><\/div><div id=\"pgc-395-2-2\"  class=\"panel-grid-cell\" ><div id=\"panel-395-2-2-0\" class=\"so-panel widget widget_sow-image panel-first-child\" data-index=\"9\" ><div\n\t\t\t\n\t\t\tclass=\"so-widget-sow-image so-widget-sow-image-default-8b5b6f678277-395\"\n\t\t\t\n\t\t>\n<h3 class=\"widget-title\">Vitamin C<\/h3>\n<div class=\"sow-image-container\">\n\t\t\t<a href=\"https:\/\/repca.com\/en\/2023\/07\/10\/vitamina-c\/\"\n\t\t\t\t\t>\n\t\t\t<img decoding=\"async\" src=\"https:\/\/repca.com\/wp-content\/uploads\/2023\/07\/Vitamina-C-Guatemala.jpg\" width=\"400\" height=\"350\" srcset=\"https:\/\/repca.com\/wp-content\/uploads\/2023\/07\/Vitamina-C-Guatemala.jpg 567w, https:\/\/repca.com\/wp-content\/uploads\/2023\/07\/Vitamina-C-Guatemala-300x210.jpg 300w, https:\/\/repca.com\/wp-content\/uploads\/2023\/07\/Vitamina-C-Guatemala-18x12.jpg 18w\" sizes=\"auto, (max-width: 400px) 100vw, 400px\" title=\"Vitamin C\" alt=\"Vitamina C\" loading=\"lazy\" \t\tclass=\"so-widget-image\"\/>\n\t<\/a><\/div>\n\n<\/div><\/div><div id=\"panel-395-2-2-1\" class=\"so-panel widget widget_lsow-button panel-last-child\" data-index=\"10\" ><div\n\t\t\t\n\t\t\tclass=\"so-widget-lsow-button so-widget-lsow-button-default-84cfa213c891-395\"\n\t\t\t\n\t\t><a class= \"lsow-button  lsow-blue lsow-medium lsow-rounded lsow-animate-on-scroll lsow-visible-on-scroll\" data-hover-color=\"#1e73be\" data-animation=\"fadeIn\" href=\"https:\/\/repca.com\/en\/2023\/07\/10\/vitamina-c\/\" target=\"&quot;_blank&quot;\">Read more<\/a><\/div><\/div><\/div><div id=\"pgc-395-2-3\"  class=\"panel-grid-cell panel-grid-cell-mobile-last\" ><div id=\"panel-395-2-3-0\" class=\"so-panel widget widget_sow-image panel-first-child\" data-index=\"11\" ><div\n\t\t\t\n\t\t\tclass=\"so-widget-sow-image so-widget-sow-image-default-8b5b6f678277-395\"\n\t\t\t\n\t\t>\n<h3 class=\"widget-title\">Vitamin E<\/h3>\n<div class=\"sow-image-container\">\n\t\t\t<a href=\"https:\/\/repca.com\/en\/2023\/07\/10\/vitamina-e\/\"\n\t\t\t\t\t>\n\t\t\t<img decoding=\"async\" src=\"https:\/\/repca.com\/wp-content\/uploads\/2023\/07\/Vitamina-E-Guatemala.jpg\" width=\"400\" height=\"350\" srcset=\"https:\/\/repca.com\/wp-content\/uploads\/2023\/07\/Vitamina-E-Guatemala.jpg 567w, https:\/\/repca.com\/wp-content\/uploads\/2023\/07\/Vitamina-E-Guatemala-300x210.jpg 300w, https:\/\/repca.com\/wp-content\/uploads\/2023\/07\/Vitamina-E-Guatemala-18x12.jpg 18w\" sizes=\"auto, (max-width: 400px) 100vw, 400px\" title=\"Vitamin E\" alt=\"Vitamina E\" loading=\"lazy\" \t\tclass=\"so-widget-image\"\/>\n\t<\/a><\/div>\n\n<\/div><\/div><div id=\"panel-395-2-3-1\" class=\"so-panel widget widget_lsow-button panel-last-child\" data-index=\"12\" ><div\n\t\t\t\n\t\t\tclass=\"so-widget-lsow-button so-widget-lsow-button-default-84cfa213c891-395\"\n\t\t\t\n\t\t><a class= \"lsow-button  lsow-blue lsow-medium lsow-rounded lsow-animate-on-scroll lsow-visible-on-scroll\" data-hover-color=\"#1e73be\" data-animation=\"fadeIn\" href=\"https:\/\/repca.com\/en\/2023\/07\/10\/vitamina-e\/\" target=\"&quot;_blank&quot;\">Read more<\/a><\/div><\/div><\/div><div id=\"pgc-395-2-4\"  class=\"panel-grid-cell panel-grid-cell-empty\" ><\/div><\/div><\/div><div id=\"pg-395-3\"  class=\"panel-grid panel-has-style\" ><div class=\"siteorigin-panels-stretch panel-row-style panel-row-style-for-395-3\" data-stretch-type=\"full-stretched-padded\" ><div id=\"pgc-395-3-0\"  class=\"panel-grid-cell panel-grid-cell-empty\" ><\/div><div id=\"pgc-395-3-1\"  class=\"panel-grid-cell\" ><div id=\"panel-395-3-1-0\" class=\"so-panel widget widget_sow-image panel-first-child\" data-index=\"13\" ><div\n\t\t\t\n\t\t\tclass=\"so-widget-sow-image so-widget-sow-image-default-8b5b6f678277-395\"\n\t\t\t\n\t\t>\n<h3 class=\"widget-title\">Benefits of Botanical Extracts<\/h3>\n<div class=\"sow-image-container\">\n\t\t\t<a href=\"https:\/\/repca.com\/en\/2023\/07\/10\/beneficios-de-los-extractos-botanicos\/\"\n\t\t\t\t\t>\n\t\t\t<img decoding=\"async\" src=\"https:\/\/repca.com\/wp-content\/uploads\/2023\/07\/Beneficios-de-los-extractos-botanicos.jpg\" width=\"400\" height=\"350\" srcset=\"https:\/\/repca.com\/wp-content\/uploads\/2023\/07\/Beneficios-de-los-extractos-botanicos.jpg 567w, https:\/\/repca.com\/wp-content\/uploads\/2023\/07\/Beneficios-de-los-extractos-botanicos-300x210.jpg 300w, https:\/\/repca.com\/wp-content\/uploads\/2023\/07\/Beneficios-de-los-extractos-botanicos-18x12.jpg 18w\" sizes=\"auto, (max-width: 400px) 100vw, 400px\" title=\"Benefits of Botanical Extracts\" alt=\"Beneficios de los extractos bot\u00e1nicos\" loading=\"lazy\" \t\tclass=\"so-widget-image\"\/>\n\t<\/a><\/div>\n\n<\/div><\/div><div id=\"panel-395-3-1-1\" class=\"so-panel widget widget_lsow-button panel-last-child\" data-index=\"14\" ><div\n\t\t\t\n\t\t\tclass=\"so-widget-lsow-button so-widget-lsow-button-default-84cfa213c891-395\"\n\t\t\t\n\t\t><a class= \"lsow-button  lsow-blue lsow-medium lsow-rounded lsow-animate-on-scroll lsow-visible-on-scroll\" data-hover-color=\"#1e73be\" data-animation=\"fadeIn\" href=\"https:\/\/repca.com\/en\/2023\/07\/10\/beneficios-de-los-extractos-botanicos\/\" target=\"&quot;_blank&quot;\">Read more<\/a><\/div><\/div><\/div><div id=\"pgc-395-3-2\"  class=\"panel-grid-cell\" ><div id=\"panel-395-3-2-0\" class=\"so-panel widget widget_sow-image panel-first-child\" data-index=\"15\" ><div\n\t\t\t\n\t\t\tclass=\"so-widget-sow-image so-widget-sow-image-default-8b5b6f678277-395\"\n\t\t\t\n\t\t>\n<h3 class=\"widget-title\">The complexity of reducing sugar and sodium<\/h3>\n<div class=\"sow-image-container\">\n\t\t\t<a href=\"https:\/\/repca.com\/en\/2023\/07\/10\/la-complejidad-de-reducir-el-azucar-y-el-sodio\/\"\n\t\t\t\t\t>\n\t\t\t<img decoding=\"async\" src=\"https:\/\/repca.com\/wp-content\/uploads\/2023\/07\/azucar-y-sodio.jpg\" width=\"400\" height=\"350\" srcset=\"https:\/\/repca.com\/wp-content\/uploads\/2023\/07\/azucar-y-sodio.jpg 567w, https:\/\/repca.com\/wp-content\/uploads\/2023\/07\/azucar-y-sodio-300x210.jpg 300w, https:\/\/repca.com\/wp-content\/uploads\/2023\/07\/azucar-y-sodio-18x12.jpg 18w\" sizes=\"auto, (max-width: 400px) 100vw, 400px\" title=\"The complexity of reducing sugar and sodium\" alt=\"La complejidad de reducir el az\u00facar y el sodio\" loading=\"lazy\" \t\tclass=\"so-widget-image\"\/>\n\t<\/a><\/div>\n\n<\/div><\/div><div id=\"panel-395-3-2-1\" class=\"so-panel widget widget_lsow-button panel-last-child\" data-index=\"16\" ><div\n\t\t\t\n\t\t\tclass=\"so-widget-lsow-button so-widget-lsow-button-default-84cfa213c891-395\"\n\t\t\t\n\t\t><a class= \"lsow-button  lsow-blue lsow-medium lsow-rounded lsow-animate-on-scroll lsow-visible-on-scroll\" data-hover-color=\"#1e73be\" data-animation=\"fadeIn\" href=\"https:\/\/repca.com\/en\/2023\/07\/10\/la-complejidad-de-reducir-el-azucar-y-el-sodio\/\" target=\"&quot;_blank&quot;\">Read more<\/a><\/div><\/div><\/div><div id=\"pgc-395-3-3\"  class=\"panel-grid-cell panel-grid-cell-mobile-last\" ><div id=\"panel-395-3-3-0\" class=\"so-panel widget widget_sow-image panel-first-child\" data-index=\"17\" ><div\n\t\t\t\n\t\t\tclass=\"so-widget-sow-image so-widget-sow-image-default-8b5b6f678277-395\"\n\t\t\t\n\t\t>\n<h3 class=\"widget-title\">Synergistic Benefits of Plant Extracts<\/h3>\n<div class=\"sow-image-container\">\n\t\t\t<a href=\"https:\/\/repca.com\/en\/2023\/07\/10\/478\/\"\n\t\t\t\t\t>\n\t\t\t<img decoding=\"async\" src=\"https:\/\/repca.com\/wp-content\/uploads\/2023\/07\/Beneficios-sinergicos-de-los-extractos-de-plantas.jpg\" width=\"400\" height=\"350\" srcset=\"https:\/\/repca.com\/wp-content\/uploads\/2023\/07\/Beneficios-sinergicos-de-los-extractos-de-plantas.jpg 567w, https:\/\/repca.com\/wp-content\/uploads\/2023\/07\/Beneficios-sinergicos-de-los-extractos-de-plantas-300x210.jpg 300w, https:\/\/repca.com\/wp-content\/uploads\/2023\/07\/Beneficios-sinergicos-de-los-extractos-de-plantas-18x12.jpg 18w\" sizes=\"auto, (max-width: 400px) 100vw, 400px\" title=\"Synergistic Benefits of Plant Extracts\" alt=\"Beneficios sin\u00e9rgicos de los extractos de plantas\" loading=\"lazy\" \t\tclass=\"so-widget-image\"\/>\n\t<\/a><\/div>\n\n<\/div><\/div><div id=\"panel-395-3-3-1\" class=\"so-panel widget widget_lsow-button panel-last-child\" data-index=\"18\" ><div\n\t\t\t\n\t\t\tclass=\"so-widget-lsow-button so-widget-lsow-button-default-84cfa213c891-395\"\n\t\t\t\n\t\t><a class= \"lsow-button  lsow-blue lsow-medium lsow-rounded lsow-animate-on-scroll lsow-visible-on-scroll\" data-hover-color=\"#1e73be\" data-animation=\"fadeIn\" href=\"https:\/\/repca.com\/en\/2023\/07\/10\/478\/\" target=\"&quot;_blank&quot;\">Read more<\/a><\/div><\/div><\/div><div id=\"pgc-395-3-4\"  class=\"panel-grid-cell panel-grid-cell-empty\" ><\/div><\/div><\/div><div id=\"pg-395-4\"  class=\"panel-grid panel-has-style\" ><div class=\"siteorigin-panels-stretch panel-row-style panel-row-style-for-395-4\" data-stretch-type=\"full-stretched-padded\" ><div id=\"pgc-395-4-0\"  class=\"panel-grid-cell\" ><div id=\"panel-395-4-0-0\" class=\"so-panel widget widget_sow-editor panel-first-child panel-last-child\" data-index=\"19\" ><div\n\t\t\t\n\t\t\tclass=\"so-widget-sow-editor so-widget-sow-editor-base\"\n\t\t\t\n\t\t>\n<div class=\"siteorigin-widget-tinymce textwidget\">\n\t\n<\/div>\n<\/div><\/div><\/div><\/div><\/div><\/div>","protected":false},"excerpt":{"rendered":"<p>Antioxidantes y sus beneficios Leer m\u00e1s \u00bfQu\u00e9 es el estr\u00e9s oxidativo? Leer m\u00e1s Polifenoles Leer m\u00e1s Carotenoides Leer m\u00e1s Vitamina C Leer m\u00e1s Vitamina E Leer m\u00e1s Beneficios de los extractos bot\u00e1nicos Leer m\u00e1s La complejidad de reducir el az\u00facar y el sodio Leer m\u00e1s Beneficios sin\u00e9rgicos de los extractos de plantas Leer m\u00e1s<\/p>","protected":false},"author":1,"featured_media":0,"parent":0,"menu_order":0,"comment_status":"closed","ping_status":"closed","template":"page-templates\/full-width-builder-bb.php","meta":{"footnotes":""},"class_list":["post-395","page","type-page","status-publish","hentry"],"_links":{"self":[{"href":"https:\/\/repca.com\/en\/wp-json\/wp\/v2\/pages\/395","targetHints":{"allow":["GET"]}}],"collection":[{"href":"https:\/\/repca.com\/en\/wp-json\/wp\/v2\/pages"}],"about":[{"href":"https:\/\/repca.com\/en\/wp-json\/wp\/v2\/types\/page"}],"author":[{"embeddable":true,"href":"https:\/\/repca.com\/en\/wp-json\/wp\/v2\/users\/1"}],"replies":[{"embeddable":true,"href":"https:\/\/repca.com\/en\/wp-json\/wp\/v2\/comments?post=395"}],"version-history":[{"count":75,"href":"https:\/\/repca.com\/en\/wp-json\/wp\/v2\/pages\/395\/revisions"}],"predecessor-version":[{"id":520,"href":"https:\/\/repca.com\/en\/wp-json\/wp\/v2\/pages\/395\/revisions\/520"}],"wp:attachment":[{"href":"https:\/\/repca.com\/en\/wp-json\/wp\/v2\/media?parent=395"}],"curies":[{"name":"wp","href":"https:\/\/api.w.org\/{rel}","templated":true}]}}